{"id":547,"date":"2025-03-01T14:59:32","date_gmt":"2025-03-01T14:59:32","guid":{"rendered":"https:\/\/drvahabzadeh.de\/uber-mich\/"},"modified":"2025-03-01T14:59:32","modified_gmt":"2025-03-01T14:59:32","slug":"uber-mich","status":"publish","type":"page","link":"https:\/\/drvahabzadeh.de\/de\/uber-mich\/","title":{"rendered":"\u00dcber mich"},"content":{"rendered":"\t\t<div data-elementor-type=\"wp-page\" data-elementor-id=\"547\" class=\"elementor elementor-547 elementor-126\" data-elementor-post-type=\"page\">\n\t\t\t\t<div class=\"elementor-element elementor-element-6b5fc9f e-flex e-con-boxed e-con e-parent\" data-id=\"6b5fc9f\" data-element_type=\"container\" data-e-type=\"container\">\n\t\t\t\t\t<div class=\"e-con-inner\">\n\t\t\t\t<div class=\"elementor-element elementor-element-5ba75ce elementor-widget elementor-widget-rt-about-us\" data-id=\"5ba75ce\" data-element_type=\"widget\" data-e-type=\"widget\" data-widget_type=\"rt-about-us.default\">\n\t\t\t\t<div class=\"elementor-widget-container\">\n\t\t\t\t\t<div class=\"rt-el-twt-1 about-box-layout1-new\">\t\r\n\t<div class=\"item-content\">\r\n\t\t\t\t\t<span class=\"item-title-befour\">About Me<\/span>\r\n\t\t\t\t\t\t\t<h2 class=\"item-title move-color\"> Dr Vahid Vahabzadeh <\/h2>\t\t\t\r\n\t\t\t\t\t\t\t<div class=\"sub-title\">Consultant Orthopedic &amp; Trauma Surgeon<\/div>\r\n\t\t\t\t<span class=\"clear\"><\/span>\r\n\t\t\t\t\t<div class=\"about-content\">\r\n\t\t\t\t<p style=\"text-align: left\">Dr. Vahid Vahabzadeh is an orthopedic specialist who completed his medical education in Iran before relocating to Germany. He currently serves as an assistant physician in the Department of Orthopedics and Trauma Surgery at Naemi-Wilke-Stift Hospital in Guben, Germany.\ue206<\/p><p style=\"text-align: left\"><strong>Educational and Professional Background:<\/strong><\/p><ul><li style=\"text-align: left\"><strong>August 2007 to May 2013:<\/strong> Practiced as a physician in emergency departments and group clinics in Minab, Iran.\ue206<\/li><li style=\"text-align: left\"><strong>July 2011 to November 2013:<\/strong> Studied German at the Goethe Institute in Tehran.\ue206<\/li><li style=\"text-align: left\"><strong>November 2013:<\/strong> Relocated to Germany.\ue206<\/li><li style=\"text-align: left\"><strong>November 2013 to March 2014:<\/strong> Medical internship at the Cardiac Surgery Clinic in Karlsruhe.\ue206<\/li><li style=\"text-align: left\"><strong>April 2014 to June 2014:<\/strong> Participated in a medical and language training course for foreign doctors at the FIA Academy, University Hospital Freiburg.\ue206<\/li><li style=\"text-align: left\"><strong>June 2014:<\/strong> Obtained German medical license from the University Hospital Mannheim.\ue206<\/li><li style=\"text-align: left\"><strong>July 2014 to January 2015:<\/strong> Assistant physician at the Cardiac Surgery Clinic in Karlsruhe.\ue206<\/li><li style=\"text-align: left\"><strong>February 2015 to July 2015:<\/strong> Assistant physician in general surgery and traumatology at Rechberg Clinic in Bretten.\ue206<\/li><li style=\"text-align: left\"><strong>October 2015 to December 2015:<\/strong> Assistant physician in trauma surgery at Asklepios S\u00fcdpfalzklinik in Kandel.\ue206<\/li><li style=\"text-align: left\"><strong>January 2016 to June 2016:<\/strong> Assistant physician in trauma surgery and orthopedics at Diakonissen Hospital in Karlsruhe.\ue206<\/li><li style=\"text-align: left\"><strong>January 2017 to February 2020:<\/strong> Assistant physician in trauma surgery and orthopedics at Isfahan University Hospital, Iran (two years of which are recognized in Germany).\ue206<\/li><li style=\"text-align: left\"><strong>Since March 2020:<\/strong> Assistant physician in orthopedics and trauma surgery at Naemi-Wilke-Stift in Guben.\ue206<\/li><li style=\"text-align: left\"><strong>June 2021:<\/strong> Received ITLS (International Trauma Life Support) certification and completed the emergency physician course at the DRK Training Center.\ue206<\/li><\/ul>\t\t\t<\/div>\r\n\t\t\t\t<span class=\"clear\"><\/span>\t\t\t\r\n\t\t\t<div class=\"media\">\r\n\t\t\t   <img fetchpriority=\"high\" decoding=\"async\" width=\"1280\" height=\"1707\" src=\"https:\/\/drvahabzadeh.de\/wp-content\/uploads\/2025\/03\/1733523588377.jpg\" class=\"attachment-full size-full wp-image-197\" alt=\"\" title=\"\" srcset=\"https:\/\/drvahabzadeh.de\/wp-content\/uploads\/2025\/03\/1733523588377.jpg 1280w, https:\/\/drvahabzadeh.de\/wp-content\/uploads\/2025\/03\/1733523588377-225x300.jpg 225w, https:\/\/drvahabzadeh.de\/wp-content\/uploads\/2025\/03\/1733523588377-768x1024.jpg 768w, https:\/\/drvahabzadeh.de\/wp-content\/uploads\/2025\/03\/1733523588377-1152x1536.jpg 1152w\" sizes=\"(max-width: 1280px) 100vw, 1280px\" \/>\t\t\t  <div class=\"media-body\">\r\n\t\t\t    <h5 class=\"mt-0 sigtitle\"><\/h5>\r\n\t\t\t   <p class=\"sigsubtitle\"><\/p>\r\n\t\t\t  <\/div>\r\n\t\t\t<\/div>\r\n\t\t<span class=\"clear\"><\/span>\r\n\t\t\t<\/div>\r\n<\/div>\r\n\t\t\t\t<\/div>\n\t\t\t\t<\/div>\n\t\t\t\t\t<\/div>\n\t\t\t\t<\/div>\n\t\t\t\t<\/div>\n\t\t","protected":false},"excerpt":{"rendered":"<p>\u00dcber mich Dr Vahid Vahabzadeh Facharzt f\u00fcr Orthop\u00e4die und Unfallchirurgie Dr. Vahid Vahabzadeh ist ein Orthop\u00e4de, der seine medizinische Ausbildung im Iran absolvierte, bevor er nach Deutschland \u00fcbersiedelte. Derzeit ist er als Assistenzarzt in der Abteilung f\u00fcr Orthop\u00e4die und Unfallchirurgie am Krankenhaus N\u00e4mi-Wilke-Stift in Guben t\u00e4tig.\ue206 Ausbildung und beruflicher Hintergrund: August 2007 bis Mai 2013:&#8230;<\/p>\n","protected":false},"author":1,"featured_media":0,"parent":0,"menu_order":0,"comment_status":"closed","ping_status":"closed","template":"","meta":{"footnotes":""},"class_list":["post-547","page","type-page","status-publish","hentry"],"_links":{"self":[{"href":"https:\/\/drvahabzadeh.de\/de\/wp-json\/wp\/v2\/pages\/547","targetHints":{"allow":["GET"]}}],"collection":[{"href":"https:\/\/drvahabzadeh.de\/de\/wp-json\/wp\/v2\/pages"}],"about":[{"href":"https:\/\/drvahabzadeh.de\/de\/wp-json\/wp\/v2\/types\/page"}],"author":[{"embeddable":true,"href":"https:\/\/drvahabzadeh.de\/de\/wp-json\/wp\/v2\/users\/1"}],"replies":[{"embeddable":true,"href":"https:\/\/drvahabzadeh.de\/de\/wp-json\/wp\/v2\/comments?post=547"}],"version-history":[{"count":0,"href":"https:\/\/drvahabzadeh.de\/de\/wp-json\/wp\/v2\/pages\/547\/revisions"}],"wp:attachment":[{"href":"https:\/\/drvahabzadeh.de\/de\/wp-json\/wp\/v2\/media?parent=547"}],"curies":[{"name":"wp","href":"https:\/\/api.w.org\/{rel}","templated":true}]}}